{"id":153,"date":"2024-02-16T06:40:18","date_gmt":"2024-02-16T05:40:18","guid":{"rendered":"https:\/\/keoda.com\/?page_id=153"},"modified":"2026-02-27T16:23:01","modified_gmt":"2026-02-27T15:23:01","slug":"warunki-sprzedazy","status":"publish","type":"page","link":"https:\/\/keoda.com\/fr\/warunki-sprzedazy\/","title":{"rendered":"Conditions generales de vente"},"content":{"rendered":"<p>Niniejsze og\u00f3lne warunki sprzeda\u017cy maj\u0105 zastosowanie do wszelkich zakup\u00f3w dokonanych przez internaut\u0119\/osob\u0119 fizyczn\u0105 (dalej \u201eKLIENT\u201d) w serwisie internetowym\u00a0<a href=\"https:\/\/keoda.com\/fr\/\">www.keoda.com<\/a>\u00a0(dalej \u201eSTRONA\u201d) od firmy Keoda Polska z siedzib\u0105 pod adresem Ul. Pruszkowska 32 F 05-830 Nadarzyn Polska (dalej: \u201eSPRZEDAJ\u0104CY\u201d).<br>Ka\u017cde zam\u00f3wienie z\u0142o\u017cone na WITRYNIE koniecznie oznacza bezwarunkow\u0105 akceptacj\u0119 przez KLIENTA niniejszych og\u00f3lnych warunk\u00f3w sprzeda\u017cy.<br><br><strong>Artyku\u0142 1. Definicje<\/strong><br><br>U\u017cyte poni\u017cej terminy maj\u0105 w niniejszych Og\u00f3lnych Warunkach nast\u0119puj\u0105ce znaczenie:<br>\u2022 \u201eKLIENT\u201d: oznacza wsp\u00f3\u0142wykonawc\u0119 SPRZEDAWCY, kt\u00f3ry gwarantuje posiadanie jako\u015bci konsumenckiej w rozumieniu polskiego prawa i orzecznictwa.<br>\u2022 \u201eDOSTAWA\u201d: oznacza pierwsz\u0105 prezentacj\u0119 zam\u00f3wionych przez KLIENTA PRODUKT\u00d3W pod adres dostawy wskazany w trakcie sk\u0142adania zam\u00f3wienia.<br>\u2022 \u201ePRODUKTY\u201d: odnosi si\u0119 do wszystkich produkt\u00f3w dost\u0119pnych na WITRYNIE.<br>\u2022 \u201eTERYTORIUM\u201d: odnosi si\u0119 do ca\u0142ego \u015bwiata<br><br><strong>Artyku\u0142 2. Akceptacja og\u00f3lnych warunk\u00f3w<\/strong><br><br>KLIENT zobowi\u0105zuje si\u0119 do uwa\u017cnego zapoznania si\u0119 z niniejszymi Warunkami Og\u00f3lnymi i ich zaakceptowania, przed przyst\u0105pieniem do p\u0142atno\u015bci za zam\u00f3wienie PRODUKT\u00d3W z\u0142o\u017cone na WITRYNIE.<br>KLIENT sk\u0142adaj\u0105c zam\u00f3wienie, potwierdza, \u017ce \u200b\u200bzapozna\u0142 si\u0119, zrozumia\u0142 i zaakceptowa\u0142 Og\u00f3lne Warunki Sprzeda\u017cy bez ogranicze\u0144 i warunk\u00f3w.<br><br><strong>Artyku\u0142 3<\/strong>.\u00a0<strong>Zakup produkt\u00f3w na stronie<\/strong><br><br>KLIENT zostanie poproszony o podanie informacji pozwalaj\u0105cych na jego identyfikacj\u0119. \u015aledzenie DOSTAW mo\u017ce, w stosownych przypadkach, odbywa\u0107 si\u0119 za pomoc\u0105 narz\u0119dzi \u015bledzenia online niekt\u00f3rych przewo\u017anik\u00f3w. KLIENT mo\u017ce tak\u017ce w ka\u017cdej chwili skontaktowa\u0107 si\u0119 z dzia\u0142em sprzeda\u017cy SPRZEDAWCY, pisz\u0105c na adres e-mail\u00a0<a href=\"mailto:info@keoda.com\">info@keoda.com<\/a>\u00a0w celu uzyskania informacji o statusie swojego zam\u00f3wienia.<br><br><strong>Artyku\u0142 4<\/strong>.\u00a0<strong>P\u0142atno\u015b\u0107<\/strong><br><br>P\u0142atno\u015b\u0107 dokonywana jest z g\u00f3ry przelewem bankowym.<br><br><strong>Artyku\u0142 5<\/strong>.\u00a0<strong>Charakterystyka wyrob\u00f3w<\/strong><br><br>SPRZEDAWCA stara si\u0119 przedstawi\u0107 w mo\u017cliwie najbardziej przejrzysty spos\u00f3b g\u0142\u00f3wne cechy PRODUKT\u00d3W (na kartach informacyjnych dost\u0119pnych na WITRYNIE)<br>KLIENT zobowi\u0105zuje si\u0119 do uwa\u017cnego przeczytania tych informacji przed z\u0142o\u017ceniem zam\u00f3wienia na STRONIE.<br>SPRZEDAWCA zastrzega sobie prawo do modyfikacji asortymentu PRODUKT\u00d3W dost\u0119pnych na WITRYNIE, w szczeg\u00f3lno\u015bci zgodnie z ograniczeniami obowi\u0105zuj\u0105cymi jego dostawc\u00f3w.<br>O ile wyra\u017anie nie okre\u015blono inaczej na WITRYNIE, wszystkie PRODUKTY sprzedawane przez SPRZEDAWC\u0118 s\u0105 nowe.<\/p>\n\n\n\n<p><strong>Artyku\u0142 6<\/strong>.&nbsp;<strong>Fakturowanie<\/strong><br><br>W trakcie sk\u0142adania zam\u00f3wienia KLIENT ma obowi\u0105zek poda\u0107 dane niezb\u0119dne do wystawienia faktury.<br>KLIENT jest zobowi\u0105zany w szczeg\u00f3lno\u015bci wyra\u017anie wskaza\u0107 wszelkie informacje dotycz\u0105ce DOSTAWY, w szczeg\u00f3lno\u015bci dok\u0142adny adres DOSTAWY oraz nr. tak jak. osoby, kt\u00f3ra otrzyma towar.<br>Niezale\u017cnie od sposobu zam\u00f3wienia, KLIENT otrzyma orygina\u0142 faktury poczt\u0105 elektroniczn\u0105 po DOSTAWIE PRODUKT\u00d3W.<br><br><strong>Artyku\u0142 7<\/strong>.&nbsp;<strong>Terminy dostaw<\/strong><br><br>Terminy dostaw wskazane na uprzednio sporz\u0105dzonym kursie faktury liczonym od dnia otrzymania zadatku.<br><br><strong>Artyku\u0142 8<\/strong>.&nbsp;<strong>Cena<\/strong><br><br>Ceny SPRZEDAWCY mog\u0105 ulec zmianie. W zwi\u0105zku z tym ceny wskazane na WITRYNIE mog\u0105 ulec zmianie.<br>Obowi\u0105zuj\u0105c\u0105 cen\u0105 jest cena podana na STRONIE w dniu z\u0142o\u017cenia zam\u00f3wienia przez KLIENTA.<br><br><strong>Artyku\u0142 9. Anulowanie zam\u00f3wienia<\/strong><br><br>Klient nie ma mo\u017cliwo\u015bci rezygnacji z zam\u00f3wienia, gdy\u017c produkty s\u0105 realizowane&nbsp; na wymiar.<br><br><strong>Artyku\u0142 10. Przeniesienie w\u0142asno\u015bci<\/strong><br><br>SPRZEDAWCA pozostaje w\u0142a\u015bcicielem dostarczonych PRODUKT\u00d3W do chwili ca\u0142kowitej zap\u0142aty przez KLIENTA.<br>Powy\u017csze postanowienia nie wy\u0142\u0105czaj\u0105 przej\u015bcia na KLIENTA z chwil\u0105 odbioru przez niego lub przez wyznaczon\u0105 przez niego osob\u0119 trzeci\u0105 inn\u0105 ni\u017c przewo\u017anik, niebezpiecze\u0144stwa utraty lub uszkodzenia PRODUKT\u00d3W w czasie transportu.<br><br><strong>Artyku\u0142 11<\/strong>.&nbsp;<strong>Dostawa<\/strong><br><br>Dostaw\u0119 realizuje mi\u0119dzynarodowy przewo\u017anik DBSchenker.<br>Towar jest ubezpieczony (ubezpieczenie Cargo) chroni\u0105c Tw\u00f3j towar podczas transportu drogowego, morskiego lub powietrznego przed wi\u0119kszo\u015bci\u0105 mo\u017cliwych szk\u00f3d, kt\u00f3re mog\u0105 obejmowa\u0107 za\u0142adunek i roz\u0142adunek.<br>W momencie wys\u0142ania przekazywany jest internetowy numer \u015bledzenia przesy\u0142ki .<br>W \u017cadnym wypadku sprzedawca nie mo\u017ce ponosi\u0107 odpowiedzialno\u015bci za op\u00f3\u017anienie w dostawie przez przewo\u017anika.<br><br><strong>Artyku\u0142&nbsp; 12<\/strong>.<strong>Opakowanie<\/strong><br><br>PRODUKTY zostan\u0105 zapakowane zgodnie z obowi\u0105zuj\u0105cymi normami transportowymi, w celu zapewnienia maksymalnej ochrony PRODUKT\u00d3W podczas DOSTAWY.<\/p>\n\n\n\n<p><strong>Artyku\u0142 13. Odpowiedzialno\u015b\u0107<\/strong><br><br>Odpowiedzialno\u015b\u0107 SPRZEDAWCY nie mo\u017ce w \u017cadnym przypadku zosta\u0107 poniesiona w przypadku niewykonania lub nienale\u017cytego wykonania zobowi\u0105za\u0144 umownych z winy KLIENTA, w szczeg\u00f3lno\u015bci w momencie sk\u0142adania zam\u00f3wienia.<br>SPRZEDAWCA nie mo\u017ce by\u0107 poci\u0105gni\u0119ty do odpowiedzialno\u015bci, ani uznany za niewykonanego w ramach niniejszej Umowy, za jakiekolwiek op\u00f3\u017anienie lub niewykonanie, gdy przyczyna op\u00f3\u017anienia lub niewykonania wi\u0105\u017ce si\u0119 z przypadkiem si\u0142y wy\u017cszej w rozumieniu orzecznictwa.<br>Okre\u015bla si\u0119 r\u00f3wnie\u017c, \u017ce SPRZEDAWCA nie kontroluje stron internetowych, kt\u00f3re s\u0105 bezpo\u015brednio lub po\u015brednio powi\u0105zane z WITRYN\u0104. Tym samym wyklucza wszelk\u0105 odpowiedzialno\u015b\u0107 za informacje w nim zawarte. Linki do stron internetowych os\u00f3b trzecich podawane s\u0105 wy\u0142\u0105cznie w celach informacyjnych i nie udziela si\u0119 \u017cadnej gwarancji co do ich zawarto\u015bci.<br><br><strong>Artyku\u0142 14. Odpowiedzialno\u015b\u0107<\/strong><br><br>Dane KLIENTA s\u0105 przez SPRZEDAWC\u0118 traktowane jako poufne dla cel\u00f3w realizacji umowy, jej realizacji oraz zgodnie z przepisami prawa.<br><br><strong>Artyku\u0142 15.&nbsp;<\/strong>&nbsp;.<strong>Zmiana Warunk\u00f3w Og\u00f3lnych<\/strong><br><br>Niniejsze Og\u00f3lne Warunki maj\u0105 zastosowanie do wszystkich zakup\u00f3w dokonanych online w WITRYNIE, o ile WITRYNA jest dost\u0119pna online.<br>Og\u00f3lne Warunki s\u0105 dok\u0142adnie datowane i mog\u0105 by\u0107 modyfikowane i aktualizowane przez SPRZEDAWC\u0118 w dowolnym momencie. Obowi\u0105zuj\u0105cymi Warunkami Og\u00f3lnymi s\u0105 te, kt\u00f3re obowi\u0105zuj\u0105 w chwili z\u0142o\u017cenia zam\u00f3wienia. Zmiany Regulaminu nie b\u0119d\u0105 dotyczy\u0142y PRODUKT\u00d3W ju\u017c zakupionych.<br><br><strong>Artyku\u0142 16.&nbsp;<\/strong>.&nbsp;<strong>Jurysdykcja i prawo w\u0142a\u015bciwe<\/strong><br><br>Niniejsze Og\u00f3lne Warunki oraz stosunki pomi\u0119dzy KLIENTEM a SPRZEDAWC\u0104 podlegaj\u0105 prawu polskiemu.<br>W przypadku sporu w\u0142a\u015bciwe b\u0119d\u0105 wy\u0142\u0105cznie s\u0105dy polskie.<br>Jednak\u017ce przed zwr\u00f3ceniem si\u0119 do arbitra\u017cu lub s\u0119dziego stanowego preferowane b\u0119d\u0105 negocjacje w duchu lojalno\u015bci i dobrej wiary w celu osi\u0105gni\u0119cia polubownego porozumienia w przypadku pojawienia si\u0119 jakiegokolwiek konfliktu dotycz\u0105cego niniejszej umowy, w tym dotycz\u0105cego jej wa\u017cno\u015bci.<\/p>","protected":false},"excerpt":{"rendered":"<p>Niniejsze og\u00f3lne warunki sprzeda\u017cy maj\u0105 zastosowanie do wszelkich zakup\u00f3w dokonanych przez internaut\u0119\/osob\u0119 fizyczn\u0105 (dalej \u201eKLIENT\u201d) w serwisie internetowym\u00a0www.keoda.com\u00a0(dalej \u201eSTRONA\u201d) od firmy Keoda Polska z siedzib\u0105 pod adresem Ul. Pruszkowska 32 F 05-830 Nadarzyn Polska (dalej: \u201eSPRZEDAJ\u0104CY\u201d).Ka\u017cde zam\u00f3wienie z\u0142o\u017cone na WITRYNIE koniecznie oznacza bezwarunkow\u0105 akceptacj\u0119 przez KLIENTA niniejszych og\u00f3lnych warunk\u00f3w sprzeda\u017cy. Artyku\u0142 1. Definicje U\u017cyte poni\u017cej [&hellip;]<\/p>","protected":false},"author":1,"featured_media":0,"parent":0,"menu_order":0,"comment_status":"closed","ping_status":"closed","template":"","meta":{"_acf_changed":false,"footnotes":""},"class_list":["post-153","page","type-page","status-publish","hentry"],"acf":[],"_links":{"self":[{"href":"https:\/\/keoda.com\/fr\/wp-json\/wp\/v2\/pages\/153","targetHints":{"allow":["GET"]}}],"collection":[{"href":"https:\/\/keoda.com\/fr\/wp-json\/wp\/v2\/pages"}],"about":[{"href":"https:\/\/keoda.com\/fr\/wp-json\/wp\/v2\/types\/page"}],"author":[{"embeddable":true,"href":"https:\/\/keoda.com\/fr\/wp-json\/wp\/v2\/users\/1"}],"replies":[{"embeddable":true,"href":"https:\/\/keoda.com\/fr\/wp-json\/wp\/v2\/comments?post=153"}],"version-history":[{"count":4,"href":"https:\/\/keoda.com\/fr\/wp-json\/wp\/v2\/pages\/153\/revisions"}],"predecessor-version":[{"id":14513,"href":"https:\/\/keoda.com\/fr\/wp-json\/wp\/v2\/pages\/153\/revisions\/14513"}],"wp:attachment":[{"href":"https:\/\/keoda.com\/fr\/wp-json\/wp\/v2\/media?parent=153"}],"curies":[{"name":"wp","href":"https:\/\/api.w.org\/{rel}","templated":true}]}}